{"id":21115,"date":"2023-10-10T19:19:40","date_gmt":"2023-10-11T00:19:40","guid":{"rendered":"https:\/\/evergreen-staging.codebusters.app\/?page_id=21115"},"modified":"2025-05-29T12:59:16","modified_gmt":"2025-05-29T17:59:16","slug":"inscription-a-linfolettre-devergreen","status":"publish","type":"page","link":"https:\/\/evergreen-staging.codebusters.app\/fr\/inscription-a-linfolettre-devergreen\/","title":{"rendered":"Inscription \u00e0 l&rsquo;infolettre"},"content":{"rendered":"","protected":false},"excerpt":{"rendered":"","protected":false},"author":1,"featured_media":0,"parent":0,"menu_order":0,"comment_status":"closed","ping_status":"closed","template":"","meta":{"_acf_changed":false,"inline_featured_image":false,"footnotes":""},"class_list":["post-21115","page","type-page","status-publish","hentry"],"acf":[],"yoast_head":"<!-- This site is optimized with the Yoast SEO plugin v26.5 - https:\/\/yoast.com\/wordpress\/plugins\/seo\/ -->\n<title>Inscription \u00e0 l&#039;infolettre - Evergreen<\/title>\n<meta name=\"description\" content=\"L\u2019infolettre d\u2019Evergreen vous offre les derni\u00e8res histoires et nouvelles sur les espaces publics, nos \u00e9v\u00e8nements et nos ressources.\" \/>\n<meta name=\"robots\" content=\"noindex, follow, max-snippet:-1, max-image-preview:large, max-video-preview:-1\" \/>\n<meta property=\"og:locale\" content=\"fr_FR\" \/>\n<meta property=\"og:type\" content=\"article\" \/>\n<meta property=\"og:title\" content=\"Inscription \u00e0 l&#039;infolettre d&#039;Evergreen\" \/>\n<meta property=\"og:description\" content=\"L\u2019infolettre d\u2019Evergreen vous offre les derni\u00e8res histoires et nouvelles sur les espaces publics, nos \u00e9v\u00e8nements et nos ressources.\" \/>\n<meta property=\"og:url\" content=\"https:\/\/evergreen-staging.codebusters.app\/fr\/inscription-a-linfolettre-devergreen\/\" \/>\n<meta property=\"og:site_name\" content=\"Evergreen\" \/>\n<meta property=\"article:modified_time\" content=\"2025-05-29T17:59:16+00:00\" \/>\n<meta name=\"twitter:card\" content=\"summary_large_image\" \/>\n<meta name=\"twitter:title\" content=\"Inscription \u00e0 l&#039;infolettre d&#039;Evergreen\" \/>\n<meta name=\"twitter:description\" content=\"L\u2019infolettre d\u2019Evergreen vous offre les derni\u00e8res histoires et nouvelles sur les espaces publics, nos \u00e9v\u00e8nements et nos ressources.\" \/>\n<script type=\"application\/ld+json\" class=\"yoast-schema-graph\">{\"@context\":\"https:\/\/schema.org\",\"@graph\":[{\"@type\":\"WebPage\",\"@id\":\"https:\/\/evergreen-staging.codebusters.app\/fr\/inscription-a-linfolettre-devergreen\/\",\"url\":\"https:\/\/evergreen-staging.codebusters.app\/fr\/inscription-a-linfolettre-devergreen\/\",\"name\":\"Inscription \u00e0 l'infolettre - Evergreen\",\"isPartOf\":{\"@id\":\"https:\/\/evergreen-staging.codebusters.app\/fr\/#website\"},\"datePublished\":\"2023-10-11T00:19:40+00:00\",\"dateModified\":\"2025-05-29T17:59:16+00:00\",\"description\":\"L\u2019infolettre d\u2019Evergreen vous offre les derni\u00e8res histoires et nouvelles sur les espaces publics, nos \u00e9v\u00e8nements et nos ressources.\",\"breadcrumb\":{\"@id\":\"https:\/\/evergreen-staging.codebusters.app\/fr\/inscription-a-linfolettre-devergreen\/#breadcrumb\"},\"inLanguage\":\"fr-FR\",\"potentialAction\":[{\"@type\":\"ReadAction\",\"target\":[\"https:\/\/evergreen-staging.codebusters.app\/fr\/inscription-a-linfolettre-devergreen\/\"]}]},{\"@type\":\"BreadcrumbList\",\"@id\":\"https:\/\/evergreen-staging.codebusters.app\/fr\/inscription-a-linfolettre-devergreen\/#breadcrumb\",\"itemListElement\":[{\"@type\":\"ListItem\",\"position\":1,\"name\":\"Home\",\"item\":\"https:\/\/evergreen-staging.codebusters.app\/fr\/\"},{\"@type\":\"ListItem\",\"position\":2,\"name\":\"Inscription \u00e0 l&#8217;infolettre\"}]},{\"@type\":\"WebSite\",\"@id\":\"https:\/\/evergreen-staging.codebusters.app\/fr\/#website\",\"url\":\"https:\/\/evergreen-staging.codebusters.app\/fr\/\",\"name\":\"Evergreen\",\"description\":\"\",\"potentialAction\":[{\"@type\":\"SearchAction\",\"target\":{\"@type\":\"EntryPoint\",\"urlTemplate\":\"https:\/\/evergreen-staging.codebusters.app\/fr\/?s={search_term_string}\"},\"query-input\":{\"@type\":\"PropertyValueSpecification\",\"valueRequired\":true,\"valueName\":\"search_term_string\"}}],\"inLanguage\":\"fr-FR\"}]}<\/script>\n<!-- \/ Yoast SEO plugin. -->","yoast_head_json":{"title":"Inscription \u00e0 l'infolettre - Evergreen","description":"L\u2019infolettre d\u2019Evergreen vous offre les derni\u00e8res histoires et nouvelles sur les espaces publics, nos \u00e9v\u00e8nements et nos ressources.","robots":{"index":"noindex","follow":"follow","max-snippet":"max-snippet:-1","max-image-preview":"max-image-preview:large","max-video-preview":"max-video-preview:-1"},"og_locale":"fr_FR","og_type":"article","og_title":"Inscription \u00e0 l'infolettre d'Evergreen","og_description":"L\u2019infolettre d\u2019Evergreen vous offre les derni\u00e8res histoires et nouvelles sur les espaces publics, nos \u00e9v\u00e8nements et nos ressources.","og_url":"https:\/\/evergreen-staging.codebusters.app\/fr\/inscription-a-linfolettre-devergreen\/","og_site_name":"Evergreen","article_modified_time":"2025-05-29T17:59:16+00:00","twitter_card":"summary_large_image","twitter_title":"Inscription \u00e0 l'infolettre d'Evergreen","twitter_description":"L\u2019infolettre d\u2019Evergreen vous offre les derni\u00e8res histoires et nouvelles sur les espaces publics, nos \u00e9v\u00e8nements et nos ressources.","schema":{"@context":"https:\/\/schema.org","@graph":[{"@type":"WebPage","@id":"https:\/\/evergreen-staging.codebusters.app\/fr\/inscription-a-linfolettre-devergreen\/","url":"https:\/\/evergreen-staging.codebusters.app\/fr\/inscription-a-linfolettre-devergreen\/","name":"Inscription \u00e0 l'infolettre - Evergreen","isPartOf":{"@id":"https:\/\/evergreen-staging.codebusters.app\/fr\/#website"},"datePublished":"2023-10-11T00:19:40+00:00","dateModified":"2025-05-29T17:59:16+00:00","description":"L\u2019infolettre d\u2019Evergreen vous offre les derni\u00e8res histoires et nouvelles sur les espaces publics, nos \u00e9v\u00e8nements et nos ressources.","breadcrumb":{"@id":"https:\/\/evergreen-staging.codebusters.app\/fr\/inscription-a-linfolettre-devergreen\/#breadcrumb"},"inLanguage":"fr-FR","potentialAction":[{"@type":"ReadAction","target":["https:\/\/evergreen-staging.codebusters.app\/fr\/inscription-a-linfolettre-devergreen\/"]}]},{"@type":"BreadcrumbList","@id":"https:\/\/evergreen-staging.codebusters.app\/fr\/inscription-a-linfolettre-devergreen\/#breadcrumb","itemListElement":[{"@type":"ListItem","position":1,"name":"Home","item":"https:\/\/evergreen-staging.codebusters.app\/fr\/"},{"@type":"ListItem","position":2,"name":"Inscription \u00e0 l&#8217;infolettre"}]},{"@type":"WebSite","@id":"https:\/\/evergreen-staging.codebusters.app\/fr\/#website","url":"https:\/\/evergreen-staging.codebusters.app\/fr\/","name":"Evergreen","description":"","potentialAction":[{"@type":"SearchAction","target":{"@type":"EntryPoint","urlTemplate":"https:\/\/evergreen-staging.codebusters.app\/fr\/?s={search_term_string}"},"query-input":{"@type":"PropertyValueSpecification","valueRequired":true,"valueName":"search_term_string"}}],"inLanguage":"fr-FR"}]}},"_links":{"self":[{"href":"https:\/\/evergreen-staging.codebusters.app\/fr\/wp-json\/wp\/v2\/pages\/21115","targetHints":{"allow":["GET"]}}],"collection":[{"href":"https:\/\/evergreen-staging.codebusters.app\/fr\/wp-json\/wp\/v2\/pages"}],"about":[{"href":"https:\/\/evergreen-staging.codebusters.app\/fr\/wp-json\/wp\/v2\/types\/page"}],"author":[{"embeddable":true,"href":"https:\/\/evergreen-staging.codebusters.app\/fr\/wp-json\/wp\/v2\/users\/1"}],"replies":[{"embeddable":true,"href":"https:\/\/evergreen-staging.codebusters.app\/fr\/wp-json\/wp\/v2\/comments?post=21115"}],"version-history":[{"count":10,"href":"https:\/\/evergreen-staging.codebusters.app\/fr\/wp-json\/wp\/v2\/pages\/21115\/revisions"}],"predecessor-version":[{"id":34333,"href":"https:\/\/evergreen-staging.codebusters.app\/fr\/wp-json\/wp\/v2\/pages\/21115\/revisions\/34333"}],"wp:attachment":[{"href":"https:\/\/evergreen-staging.codebusters.app\/fr\/wp-json\/wp\/v2\/media?parent=21115"}],"curies":[{"name":"wp","href":"https:\/\/api.w.org\/{rel}","templated":true}]}}