{"id":28582,"date":"2024-08-08T08:52:21","date_gmt":"2024-08-08T13:52:21","guid":{"rendered":"https:\/\/evergreen-staging.codebusters.app\/passez-a-laction\/start-a-fundraiser\/"},"modified":"2024-08-19T09:48:36","modified_gmt":"2024-08-19T14:48:36","slug":"lancer-une-collecte-de-fonds","status":"publish","type":"page","link":"https:\/\/evergreen-staging.codebusters.app\/fr\/passez-a-laction\/lancer-une-collecte-de-fonds\/","title":{"rendered":"Lancer  une collecte de fonds"},"content":{"rendered":"<p>En collectant des fonds avec Evergreen, vous nous aidez \u00e0 construire des villes plus saines et joyeuses gr\u00e2ce \u00e0 de meilleurs espaces publics. Rejoignez-nous en cr\u00e9ant une collecte de fonds de votre choix et en partageant avec les autres, votre passion pour des espaces publics plus verts et plus inclusifs.<\/p>\n<p>Lancer une collecte de fonds est un excellent moyen d&rsquo;associer votre communaut\u00e9 \u00e0 des causes s qui vous passionnent. Les espaces publics de qualit\u00e9 peuvent agir comme des catalyseurs de changement, et tout comme eux, VOUS le pouvez aussi !<\/p>\n<p>Ensemble, nous pouvons prouver que lorsque nous investissons dans nos espaces publics, ils ont le potentiel de ressourde certains des d\u00e9fis les plus pressants de notre temps. Lorsque les espaces publics sont con\u00e7us avec la nature comme partie centrale, ils am\u00e9liorent le bien-\u00eatre physique et mental des personnes, renforcent la coh\u00e9sion sociale dans les communaut\u00e9s, augmentent la r\u00e9silience des villes face aux d\u00e9sastres naturels et renforcent la biodiversit\u00e9 des \u00e9cosyst\u00e8mes urbains.<\/p>\n","protected":false},"excerpt":{"rendered":"<p>En collectant des fonds avec Evergreen, vous nous aidez \u00e0 construire des villes plus saines et joyeuses gr\u00e2ce \u00e0 de meilleurs espaces publics. Rejoignez-nous en cr\u00e9ant une collecte de fonds de votre choix et en partageant avec les autres, votre passion pour des espaces publics plus verts et plus inclusifs. Lancer une collecte de fonds [&hellip;]<\/p>\n","protected":false},"author":3,"featured_media":0,"parent":4509,"menu_order":0,"comment_status":"closed","ping_status":"closed","template":"","meta":{"_acf_changed":false,"inline_featured_image":false,"footnotes":""},"class_list":["post-28582","page","type-page","status-publish","hentry"],"acf":[],"yoast_head":"<!-- This site is optimized with the Yoast SEO plugin v26.5 - https:\/\/yoast.com\/wordpress\/plugins\/seo\/ -->\n<title>Lancer une collecte de fonds - Evergreen<\/title>\n<meta name=\"description\" content=\"En collectant des fonds avec Evergreen, vous nous aidez \u00e0 construire des villes plus saines et joyeuses gr\u00e2ce \u00e0 de meilleurs espaces publics.\" \/>\n<meta name=\"robots\" content=\"noindex, follow, max-snippet:-1, max-image-preview:large, max-video-preview:-1\" \/>\n<meta property=\"og:locale\" content=\"fr_FR\" \/>\n<meta property=\"og:type\" content=\"article\" \/>\n<meta property=\"og:title\" content=\"Lancer une collecte de fonds\" \/>\n<meta property=\"og:description\" content=\"En collectant des fonds avec Evergreen, vous nous aidez \u00e0 construire des villes plus saines et joyeuses gr\u00e2ce \u00e0 de meilleurs espaces publics.\" \/>\n<meta property=\"og:url\" content=\"https:\/\/evergreen-staging.codebusters.app\/fr\/passez-a-laction\/lancer-une-collecte-de-fonds\/\" \/>\n<meta property=\"og:site_name\" content=\"Evergreen\" \/>\n<meta property=\"article:modified_time\" content=\"2024-08-19T14:48:36+00:00\" \/>\n<meta name=\"twitter:card\" content=\"summary_large_image\" \/>\n<meta name=\"twitter:title\" content=\"Lancer une collecte de fonds\" \/>\n<meta name=\"twitter:description\" content=\"En collectant des fonds avec Evergreen, vous nous aidez \u00e0 construire des villes plus saines et joyeuses gr\u00e2ce \u00e0 de meilleurs espaces publics.\" \/>\n<meta name=\"twitter:label1\" content=\"Dur\u00e9e de lecture estim\u00e9e\" \/>\n\t<meta name=\"twitter:data1\" content=\"1 minute\" \/>\n<script type=\"application\/ld+json\" class=\"yoast-schema-graph\">{\"@context\":\"https:\/\/schema.org\",\"@graph\":[{\"@type\":\"WebPage\",\"@id\":\"https:\/\/evergreen-staging.codebusters.app\/fr\/passez-a-laction\/lancer-une-collecte-de-fonds\/\",\"url\":\"https:\/\/evergreen-staging.codebusters.app\/fr\/passez-a-laction\/lancer-une-collecte-de-fonds\/\",\"name\":\"Lancer une collecte de fonds - Evergreen\",\"isPartOf\":{\"@id\":\"https:\/\/evergreen-staging.codebusters.app\/fr\/#website\"},\"datePublished\":\"2024-08-08T13:52:21+00:00\",\"dateModified\":\"2024-08-19T14:48:36+00:00\",\"description\":\"En collectant des fonds avec Evergreen, vous nous aidez \u00e0 construire des villes plus saines et joyeuses gr\u00e2ce \u00e0 de meilleurs espaces publics.\",\"breadcrumb\":{\"@id\":\"https:\/\/evergreen-staging.codebusters.app\/fr\/passez-a-laction\/lancer-une-collecte-de-fonds\/#breadcrumb\"},\"inLanguage\":\"fr-FR\",\"potentialAction\":[{\"@type\":\"ReadAction\",\"target\":[\"https:\/\/evergreen-staging.codebusters.app\/fr\/passez-a-laction\/lancer-une-collecte-de-fonds\/\"]}]},{\"@type\":\"BreadcrumbList\",\"@id\":\"https:\/\/evergreen-staging.codebusters.app\/fr\/passez-a-laction\/lancer-une-collecte-de-fonds\/#breadcrumb\",\"itemListElement\":[{\"@type\":\"ListItem\",\"position\":1,\"name\":\"Home\",\"item\":\"https:\/\/evergreen-staging.codebusters.app\/fr\/\"},{\"@type\":\"ListItem\",\"position\":2,\"name\":\"Passez \u00e0 l\u2019action\",\"item\":\"https:\/\/evergreen-staging.codebusters.app\/fr\/passez-a-laction\/\"},{\"@type\":\"ListItem\",\"position\":3,\"name\":\"Lancer une collecte de fonds\"}]},{\"@type\":\"WebSite\",\"@id\":\"https:\/\/evergreen-staging.codebusters.app\/fr\/#website\",\"url\":\"https:\/\/evergreen-staging.codebusters.app\/fr\/\",\"name\":\"Evergreen\",\"description\":\"\",\"potentialAction\":[{\"@type\":\"SearchAction\",\"target\":{\"@type\":\"EntryPoint\",\"urlTemplate\":\"https:\/\/evergreen-staging.codebusters.app\/fr\/?s={search_term_string}\"},\"query-input\":{\"@type\":\"PropertyValueSpecification\",\"valueRequired\":true,\"valueName\":\"search_term_string\"}}],\"inLanguage\":\"fr-FR\"}]}<\/script>\n<!-- \/ Yoast SEO plugin. -->","yoast_head_json":{"title":"Lancer une collecte de fonds - Evergreen","description":"En collectant des fonds avec Evergreen, vous nous aidez \u00e0 construire des villes plus saines et joyeuses gr\u00e2ce \u00e0 de meilleurs espaces publics.","robots":{"index":"noindex","follow":"follow","max-snippet":"max-snippet:-1","max-image-preview":"max-image-preview:large","max-video-preview":"max-video-preview:-1"},"og_locale":"fr_FR","og_type":"article","og_title":"Lancer une collecte de fonds","og_description":"En collectant des fonds avec Evergreen, vous nous aidez \u00e0 construire des villes plus saines et joyeuses gr\u00e2ce \u00e0 de meilleurs espaces publics.","og_url":"https:\/\/evergreen-staging.codebusters.app\/fr\/passez-a-laction\/lancer-une-collecte-de-fonds\/","og_site_name":"Evergreen","article_modified_time":"2024-08-19T14:48:36+00:00","twitter_card":"summary_large_image","twitter_title":"Lancer une collecte de fonds","twitter_description":"En collectant des fonds avec Evergreen, vous nous aidez \u00e0 construire des villes plus saines et joyeuses gr\u00e2ce \u00e0 de meilleurs espaces publics.","twitter_misc":{"Dur\u00e9e de lecture estim\u00e9e":"1 minute"},"schema":{"@context":"https:\/\/schema.org","@graph":[{"@type":"WebPage","@id":"https:\/\/evergreen-staging.codebusters.app\/fr\/passez-a-laction\/lancer-une-collecte-de-fonds\/","url":"https:\/\/evergreen-staging.codebusters.app\/fr\/passez-a-laction\/lancer-une-collecte-de-fonds\/","name":"Lancer une collecte de fonds - Evergreen","isPartOf":{"@id":"https:\/\/evergreen-staging.codebusters.app\/fr\/#website"},"datePublished":"2024-08-08T13:52:21+00:00","dateModified":"2024-08-19T14:48:36+00:00","description":"En collectant des fonds avec Evergreen, vous nous aidez \u00e0 construire des villes plus saines et joyeuses gr\u00e2ce \u00e0 de meilleurs espaces publics.","breadcrumb":{"@id":"https:\/\/evergreen-staging.codebusters.app\/fr\/passez-a-laction\/lancer-une-collecte-de-fonds\/#breadcrumb"},"inLanguage":"fr-FR","potentialAction":[{"@type":"ReadAction","target":["https:\/\/evergreen-staging.codebusters.app\/fr\/passez-a-laction\/lancer-une-collecte-de-fonds\/"]}]},{"@type":"BreadcrumbList","@id":"https:\/\/evergreen-staging.codebusters.app\/fr\/passez-a-laction\/lancer-une-collecte-de-fonds\/#breadcrumb","itemListElement":[{"@type":"ListItem","position":1,"name":"Home","item":"https:\/\/evergreen-staging.codebusters.app\/fr\/"},{"@type":"ListItem","position":2,"name":"Passez \u00e0 l\u2019action","item":"https:\/\/evergreen-staging.codebusters.app\/fr\/passez-a-laction\/"},{"@type":"ListItem","position":3,"name":"Lancer une collecte de fonds"}]},{"@type":"WebSite","@id":"https:\/\/evergreen-staging.codebusters.app\/fr\/#website","url":"https:\/\/evergreen-staging.codebusters.app\/fr\/","name":"Evergreen","description":"","potentialAction":[{"@type":"SearchAction","target":{"@type":"EntryPoint","urlTemplate":"https:\/\/evergreen-staging.codebusters.app\/fr\/?s={search_term_string}"},"query-input":{"@type":"PropertyValueSpecification","valueRequired":true,"valueName":"search_term_string"}}],"inLanguage":"fr-FR"}]}},"_links":{"self":[{"href":"https:\/\/evergreen-staging.codebusters.app\/fr\/wp-json\/wp\/v2\/pages\/28582","targetHints":{"allow":["GET"]}}],"collection":[{"href":"https:\/\/evergreen-staging.codebusters.app\/fr\/wp-json\/wp\/v2\/pages"}],"about":[{"href":"https:\/\/evergreen-staging.codebusters.app\/fr\/wp-json\/wp\/v2\/types\/page"}],"author":[{"embeddable":true,"href":"https:\/\/evergreen-staging.codebusters.app\/fr\/wp-json\/wp\/v2\/users\/3"}],"replies":[{"embeddable":true,"href":"https:\/\/evergreen-staging.codebusters.app\/fr\/wp-json\/wp\/v2\/comments?post=28582"}],"version-history":[{"count":6,"href":"https:\/\/evergreen-staging.codebusters.app\/fr\/wp-json\/wp\/v2\/pages\/28582\/revisions"}],"predecessor-version":[{"id":28620,"href":"https:\/\/evergreen-staging.codebusters.app\/fr\/wp-json\/wp\/v2\/pages\/28582\/revisions\/28620"}],"up":[{"embeddable":true,"href":"https:\/\/evergreen-staging.codebusters.app\/fr\/wp-json\/wp\/v2\/pages\/4509"}],"wp:attachment":[{"href":"https:\/\/evergreen-staging.codebusters.app\/fr\/wp-json\/wp\/v2\/media?parent=28582"}],"curies":[{"name":"wp","href":"https:\/\/api.w.org\/{rel}","templated":true}]}}