{"id":33235,"date":"2025-03-25T14:33:48","date_gmt":"2025-03-25T19:33:48","guid":{"rendered":"https:\/\/evergreen-staging.codebusters.app\/big-ideas\/"},"modified":"2025-04-07T10:30:21","modified_gmt":"2025-04-07T15:30:21","slug":"les-grandes-idees-naissent-a-evergreen-brick-works","status":"publish","type":"page","link":"https:\/\/evergreen-staging.codebusters.app\/fr\/les-grandes-idees-naissent-a-evergreen-brick-works\/","title":{"rendered":"Appel du printemps &#8211; Les grandes id\u00e9es naissent \u00e0 Evergreen Brick Works"},"content":{"rendered":"","protected":false},"excerpt":{"rendered":"","protected":false},"author":3,"featured_media":0,"parent":0,"menu_order":0,"comment_status":"closed","ping_status":"closed","template":"","meta":{"_acf_changed":false,"inline_featured_image":false,"footnotes":""},"class_list":["post-33235","page","type-page","status-publish","hentry"],"acf":[],"yoast_head":"<!-- This site is optimized with the Yoast SEO plugin v26.5 - https:\/\/yoast.com\/wordpress\/plugins\/seo\/ -->\n<title>Appel du printemps - Les grandes id\u00e9es naissent \u00e0 Evergreen Brick Works - Evergreen<\/title>\n<meta name=\"description\" content=\"Nous avons besoin de votre soutien afin d\u2019\u00e9tendre le meilleur de ce lieu embl\u00e9matique de Toronto \u00e0 l\u2019ensemble du Canada.\" \/>\n<meta name=\"robots\" content=\"noindex, follow, max-snippet:-1, max-image-preview:large, max-video-preview:-1\" \/>\n<meta property=\"og:locale\" content=\"fr_FR\" \/>\n<meta property=\"og:type\" content=\"article\" \/>\n<meta property=\"og:title\" content=\"Les grandes id\u00e9es naissent \u00e0 Evergreen Brick Works\" \/>\n<meta property=\"og:description\" content=\"C\u2019est l\u00e0 o\u00f9 nous cr\u00e9ons des exp\u00e9riences nature inoubliables pour les enfants. C\u2019est l\u00e0 o\u00f9 nous soutenons des entreprises locales. C\u2019est l\u00e0 o\u00f9 nous nous pr\u00e9parons \u00e0 l&#039;\u00e9volution du climat. Maintenant, nous avons besoin de votre soutien afin d\u2019\u00e9tendre le meilleur de ce lieu embl\u00e9matique de Toronto \u00e0 l\u2019ensemble du Canada.\" \/>\n<meta property=\"og:url\" content=\"https:\/\/evergreen-staging.codebusters.app\/fr\/les-grandes-idees-naissent-a-evergreen-brick-works\/\" \/>\n<meta property=\"og:site_name\" content=\"Evergreen\" \/>\n<meta property=\"article:modified_time\" content=\"2025-04-07T15:30:21+00:00\" \/>\n<meta property=\"og:image\" content=\"https:\/\/evergreen-staging.codebusters.app\/wp-content\/uploads\/2025\/03\/EBW_MarchBreakCamp_KidsAtCamp_MarcCrabtree_P_3_11_2024_55444-cropped.jpg\" \/>\n\t<meta property=\"og:image:width\" content=\"2100\" \/>\n\t<meta property=\"og:image:height\" content=\"1021\" \/>\n\t<meta property=\"og:image:type\" content=\"image\/jpeg\" \/>\n<meta name=\"twitter:card\" content=\"summary_large_image\" \/>\n<meta name=\"twitter:title\" content=\"Les grandes id\u00e9es naissent \u00e0 Evergreen Brick Works\" \/>\n<meta name=\"twitter:description\" content=\"C\u2019est l\u00e0 o\u00f9 nous cr\u00e9ons des exp\u00e9riences nature inoubliables pour les enfants. C\u2019est l\u00e0 o\u00f9 nous soutenons des entreprises locales. C\u2019est l\u00e0 o\u00f9 nous nous pr\u00e9parons \u00e0 l&#039;\u00e9volution du climat. Maintenant, nous avons besoin de votre soutien afin d\u2019\u00e9tendre le meilleur de ce lieu embl\u00e9matique de Toronto \u00e0 l\u2019ensemble du Canada.\" \/>\n<meta name=\"twitter:image\" content=\"https:\/\/evergreen-staging.codebusters.app\/wp-content\/uploads\/2025\/03\/EBW_MarchBreakCamp_KidsAtCamp_MarcCrabtree_P_3_11_2024_55444-cropped.jpg\" \/>\n<script type=\"application\/ld+json\" class=\"yoast-schema-graph\">{\"@context\":\"https:\/\/schema.org\",\"@graph\":[{\"@type\":\"WebPage\",\"@id\":\"https:\/\/evergreen-staging.codebusters.app\/fr\/les-grandes-idees-naissent-a-evergreen-brick-works\/\",\"url\":\"https:\/\/evergreen-staging.codebusters.app\/fr\/les-grandes-idees-naissent-a-evergreen-brick-works\/\",\"name\":\"Appel du printemps - Les grandes id\u00e9es naissent \u00e0 Evergreen Brick Works - Evergreen\",\"isPartOf\":{\"@id\":\"https:\/\/evergreen-staging.codebusters.app\/fr\/#website\"},\"datePublished\":\"2025-03-25T19:33:48+00:00\",\"dateModified\":\"2025-04-07T15:30:21+00:00\",\"description\":\"Nous avons besoin de votre soutien afin d\u2019\u00e9tendre le meilleur de ce lieu embl\u00e9matique de Toronto \u00e0 l\u2019ensemble du Canada.\",\"breadcrumb\":{\"@id\":\"https:\/\/evergreen-staging.codebusters.app\/fr\/les-grandes-idees-naissent-a-evergreen-brick-works\/#breadcrumb\"},\"inLanguage\":\"fr-FR\",\"potentialAction\":[{\"@type\":\"ReadAction\",\"target\":[\"https:\/\/evergreen-staging.codebusters.app\/fr\/les-grandes-idees-naissent-a-evergreen-brick-works\/\"]}]},{\"@type\":\"BreadcrumbList\",\"@id\":\"https:\/\/evergreen-staging.codebusters.app\/fr\/les-grandes-idees-naissent-a-evergreen-brick-works\/#breadcrumb\",\"itemListElement\":[{\"@type\":\"ListItem\",\"position\":1,\"name\":\"Home\",\"item\":\"https:\/\/evergreen-staging.codebusters.app\/fr\/\"},{\"@type\":\"ListItem\",\"position\":2,\"name\":\"Appel du printemps &#8211; Les grandes id\u00e9es naissent \u00e0 Evergreen Brick Works\"}]},{\"@type\":\"WebSite\",\"@id\":\"https:\/\/evergreen-staging.codebusters.app\/fr\/#website\",\"url\":\"https:\/\/evergreen-staging.codebusters.app\/fr\/\",\"name\":\"Evergreen\",\"description\":\"\",\"potentialAction\":[{\"@type\":\"SearchAction\",\"target\":{\"@type\":\"EntryPoint\",\"urlTemplate\":\"https:\/\/evergreen-staging.codebusters.app\/fr\/?s={search_term_string}\"},\"query-input\":{\"@type\":\"PropertyValueSpecification\",\"valueRequired\":true,\"valueName\":\"search_term_string\"}}],\"inLanguage\":\"fr-FR\"}]}<\/script>\n<!-- \/ Yoast SEO plugin. -->","yoast_head_json":{"title":"Appel du printemps - Les grandes id\u00e9es naissent \u00e0 Evergreen Brick Works - Evergreen","description":"Nous avons besoin de votre soutien afin d\u2019\u00e9tendre le meilleur de ce lieu embl\u00e9matique de Toronto \u00e0 l\u2019ensemble du Canada.","robots":{"index":"noindex","follow":"follow","max-snippet":"max-snippet:-1","max-image-preview":"max-image-preview:large","max-video-preview":"max-video-preview:-1"},"og_locale":"fr_FR","og_type":"article","og_title":"Les grandes id\u00e9es naissent \u00e0 Evergreen Brick Works","og_description":"C\u2019est l\u00e0 o\u00f9 nous cr\u00e9ons des exp\u00e9riences nature inoubliables pour les enfants. C\u2019est l\u00e0 o\u00f9 nous soutenons des entreprises locales. C\u2019est l\u00e0 o\u00f9 nous nous pr\u00e9parons \u00e0 l'\u00e9volution du climat. Maintenant, nous avons besoin de votre soutien afin d\u2019\u00e9tendre le meilleur de ce lieu embl\u00e9matique de Toronto \u00e0 l\u2019ensemble du Canada.","og_url":"https:\/\/evergreen-staging.codebusters.app\/fr\/les-grandes-idees-naissent-a-evergreen-brick-works\/","og_site_name":"Evergreen","article_modified_time":"2025-04-07T15:30:21+00:00","og_image":[{"width":2100,"height":1021,"url":"https:\/\/evergreen-staging.codebusters.app\/wp-content\/uploads\/2025\/03\/EBW_MarchBreakCamp_KidsAtCamp_MarcCrabtree_P_3_11_2024_55444-cropped.jpg","type":"image\/jpeg"}],"twitter_card":"summary_large_image","twitter_title":"Les grandes id\u00e9es naissent \u00e0 Evergreen Brick Works","twitter_description":"C\u2019est l\u00e0 o\u00f9 nous cr\u00e9ons des exp\u00e9riences nature inoubliables pour les enfants. C\u2019est l\u00e0 o\u00f9 nous soutenons des entreprises locales. C\u2019est l\u00e0 o\u00f9 nous nous pr\u00e9parons \u00e0 l'\u00e9volution du climat. Maintenant, nous avons besoin de votre soutien afin d\u2019\u00e9tendre le meilleur de ce lieu embl\u00e9matique de Toronto \u00e0 l\u2019ensemble du Canada.","twitter_image":"https:\/\/evergreen-staging.codebusters.app\/wp-content\/uploads\/2025\/03\/EBW_MarchBreakCamp_KidsAtCamp_MarcCrabtree_P_3_11_2024_55444-cropped.jpg","schema":{"@context":"https:\/\/schema.org","@graph":[{"@type":"WebPage","@id":"https:\/\/evergreen-staging.codebusters.app\/fr\/les-grandes-idees-naissent-a-evergreen-brick-works\/","url":"https:\/\/evergreen-staging.codebusters.app\/fr\/les-grandes-idees-naissent-a-evergreen-brick-works\/","name":"Appel du printemps - Les grandes id\u00e9es naissent \u00e0 Evergreen Brick Works - Evergreen","isPartOf":{"@id":"https:\/\/evergreen-staging.codebusters.app\/fr\/#website"},"datePublished":"2025-03-25T19:33:48+00:00","dateModified":"2025-04-07T15:30:21+00:00","description":"Nous avons besoin de votre soutien afin d\u2019\u00e9tendre le meilleur de ce lieu embl\u00e9matique de Toronto \u00e0 l\u2019ensemble du Canada.","breadcrumb":{"@id":"https:\/\/evergreen-staging.codebusters.app\/fr\/les-grandes-idees-naissent-a-evergreen-brick-works\/#breadcrumb"},"inLanguage":"fr-FR","potentialAction":[{"@type":"ReadAction","target":["https:\/\/evergreen-staging.codebusters.app\/fr\/les-grandes-idees-naissent-a-evergreen-brick-works\/"]}]},{"@type":"BreadcrumbList","@id":"https:\/\/evergreen-staging.codebusters.app\/fr\/les-grandes-idees-naissent-a-evergreen-brick-works\/#breadcrumb","itemListElement":[{"@type":"ListItem","position":1,"name":"Home","item":"https:\/\/evergreen-staging.codebusters.app\/fr\/"},{"@type":"ListItem","position":2,"name":"Appel du printemps &#8211; Les grandes id\u00e9es naissent \u00e0 Evergreen Brick Works"}]},{"@type":"WebSite","@id":"https:\/\/evergreen-staging.codebusters.app\/fr\/#website","url":"https:\/\/evergreen-staging.codebusters.app\/fr\/","name":"Evergreen","description":"","potentialAction":[{"@type":"SearchAction","target":{"@type":"EntryPoint","urlTemplate":"https:\/\/evergreen-staging.codebusters.app\/fr\/?s={search_term_string}"},"query-input":{"@type":"PropertyValueSpecification","valueRequired":true,"valueName":"search_term_string"}}],"inLanguage":"fr-FR"}]}},"_links":{"self":[{"href":"https:\/\/evergreen-staging.codebusters.app\/fr\/wp-json\/wp\/v2\/pages\/33235","targetHints":{"allow":["GET"]}}],"collection":[{"href":"https:\/\/evergreen-staging.codebusters.app\/fr\/wp-json\/wp\/v2\/pages"}],"about":[{"href":"https:\/\/evergreen-staging.codebusters.app\/fr\/wp-json\/wp\/v2\/types\/page"}],"author":[{"embeddable":true,"href":"https:\/\/evergreen-staging.codebusters.app\/fr\/wp-json\/wp\/v2\/users\/3"}],"replies":[{"embeddable":true,"href":"https:\/\/evergreen-staging.codebusters.app\/fr\/wp-json\/wp\/v2\/comments?post=33235"}],"version-history":[{"count":3,"href":"https:\/\/evergreen-staging.codebusters.app\/fr\/wp-json\/wp\/v2\/pages\/33235\/revisions"}],"predecessor-version":[{"id":33239,"href":"https:\/\/evergreen-staging.codebusters.app\/fr\/wp-json\/wp\/v2\/pages\/33235\/revisions\/33239"}],"wp:attachment":[{"href":"https:\/\/evergreen-staging.codebusters.app\/fr\/wp-json\/wp\/v2\/media?parent=33235"}],"curies":[{"name":"wp","href":"https:\/\/api.w.org\/{rel}","templated":true}]}}