{"id":34802,"date":"2025-03-17T11:48:33","date_gmt":"2025-03-17T16:48:33","guid":{"rendered":"https:\/\/evergreen-staging.codebusters.app\/?page_id=34802"},"modified":"2025-07-02T13:10:42","modified_gmt":"2025-07-02T18:10:42","slug":"archives-de-linfolettre","status":"publish","type":"page","link":"https:\/\/evergreen-staging.codebusters.app\/fr\/archives-de-linfolettre\/","title":{"rendered":"Archives de l&rsquo;infolettre"},"content":{"rendered":"","protected":false},"excerpt":{"rendered":"","protected":false},"author":20,"featured_media":0,"parent":0,"menu_order":0,"comment_status":"closed","ping_status":"closed","template":"","meta":{"_acf_changed":false,"inline_featured_image":false,"footnotes":""},"class_list":["post-34802","page","type-page","status-publish","hentry"],"acf":[],"yoast_head":"<!-- This site is optimized with the Yoast SEO plugin v26.5 - https:\/\/yoast.com\/wordpress\/plugins\/seo\/ -->\n<title>Archives de l&#039;infolettre - Evergreen<\/title>\n<meta name=\"description\" content=\"Retrouvez toutes les \u00e9ditions pass\u00e9es de l&#039;infolettre d&#039;Evergreen, votre contenu en fran\u00e7ais: histoires, \u00e9v\u00e8nements et ressources utiles.\" \/>\n<meta name=\"robots\" content=\"noindex, follow, max-snippet:-1, max-image-preview:large, max-video-preview:-1\" \/>\n<meta property=\"og:locale\" content=\"fr_FR\" \/>\n<meta property=\"og:type\" content=\"article\" \/>\n<meta property=\"og:title\" content=\"Archives de l&#039;infolettred&#039;Evergreen\" \/>\n<meta property=\"og:description\" content=\"Retrouvez toutes les \u00e9ditions pass\u00e9es de l&#039;infolettre d&#039;Evergreen, votre contenu en fran\u00e7ais: histoires, \u00e9v\u00e8nements et ressources utiles.\" \/>\n<meta property=\"og:url\" content=\"https:\/\/evergreen-staging.codebusters.app\/fr\/archives-de-linfolettre\/\" \/>\n<meta property=\"og:site_name\" content=\"Evergreen\" \/>\n<meta property=\"article:modified_time\" content=\"2025-07-02T18:10:42+00:00\" \/>\n<meta property=\"og:image\" content=\"https:\/\/evergreen-staging.codebusters.app\/wp-content\/uploads\/2025\/03\/EBW_web_archivepage.jpg\" \/>\n\t<meta property=\"og:image:width\" content=\"1780\" \/>\n\t<meta property=\"og:image:height\" content=\"1033\" \/>\n\t<meta property=\"og:image:type\" content=\"image\/jpeg\" \/>\n<meta name=\"twitter:card\" content=\"summary_large_image\" \/>\n<meta name=\"twitter:title\" content=\"Archives de l&#039;infolettre d&#039;Evergreen\" \/>\n<meta name=\"twitter:description\" content=\"Retrouvez toutes les \u00e9ditions pass\u00e9es de l&#039;infolettre d&#039;Evergreen, votre contenu en fran\u00e7ais: histoires, \u00e9v\u00e8nements et ressources utiles.\" \/>\n<meta name=\"twitter:image\" content=\"https:\/\/evergreen-staging.codebusters.app\/wp-content\/uploads\/2025\/03\/EBW_web_archivepage.jpg\" \/>\n<script type=\"application\/ld+json\" class=\"yoast-schema-graph\">{\"@context\":\"https:\/\/schema.org\",\"@graph\":[{\"@type\":\"WebPage\",\"@id\":\"https:\/\/evergreen-staging.codebusters.app\/fr\/archives-de-linfolettre\/\",\"url\":\"https:\/\/evergreen-staging.codebusters.app\/fr\/archives-de-linfolettre\/\",\"name\":\"Archives de l'infolettre - Evergreen\",\"isPartOf\":{\"@id\":\"https:\/\/evergreen-staging.codebusters.app\/fr\/#website\"},\"datePublished\":\"2025-03-17T16:48:33+00:00\",\"dateModified\":\"2025-07-02T18:10:42+00:00\",\"description\":\"Retrouvez toutes les \u00e9ditions pass\u00e9es de l'infolettre d'Evergreen, votre contenu en fran\u00e7ais: histoires, \u00e9v\u00e8nements et ressources utiles.\",\"breadcrumb\":{\"@id\":\"https:\/\/evergreen-staging.codebusters.app\/fr\/archives-de-linfolettre\/#breadcrumb\"},\"inLanguage\":\"fr-FR\",\"potentialAction\":[{\"@type\":\"ReadAction\",\"target\":[\"https:\/\/evergreen-staging.codebusters.app\/fr\/archives-de-linfolettre\/\"]}]},{\"@type\":\"BreadcrumbList\",\"@id\":\"https:\/\/evergreen-staging.codebusters.app\/fr\/archives-de-linfolettre\/#breadcrumb\",\"itemListElement\":[{\"@type\":\"ListItem\",\"position\":1,\"name\":\"Home\",\"item\":\"https:\/\/evergreen-staging.codebusters.app\/fr\/\"},{\"@type\":\"ListItem\",\"position\":2,\"name\":\"Archives de l&#8217;infolettre\"}]},{\"@type\":\"WebSite\",\"@id\":\"https:\/\/evergreen-staging.codebusters.app\/fr\/#website\",\"url\":\"https:\/\/evergreen-staging.codebusters.app\/fr\/\",\"name\":\"Evergreen\",\"description\":\"\",\"potentialAction\":[{\"@type\":\"SearchAction\",\"target\":{\"@type\":\"EntryPoint\",\"urlTemplate\":\"https:\/\/evergreen-staging.codebusters.app\/fr\/?s={search_term_string}\"},\"query-input\":{\"@type\":\"PropertyValueSpecification\",\"valueRequired\":true,\"valueName\":\"search_term_string\"}}],\"inLanguage\":\"fr-FR\"}]}<\/script>\n<!-- \/ Yoast SEO plugin. -->","yoast_head_json":{"title":"Archives de l'infolettre - Evergreen","description":"Retrouvez toutes les \u00e9ditions pass\u00e9es de l'infolettre d'Evergreen, votre contenu en fran\u00e7ais: histoires, \u00e9v\u00e8nements et ressources utiles.","robots":{"index":"noindex","follow":"follow","max-snippet":"max-snippet:-1","max-image-preview":"max-image-preview:large","max-video-preview":"max-video-preview:-1"},"og_locale":"fr_FR","og_type":"article","og_title":"Archives de l'infolettred'Evergreen","og_description":"Retrouvez toutes les \u00e9ditions pass\u00e9es de l'infolettre d'Evergreen, votre contenu en fran\u00e7ais: histoires, \u00e9v\u00e8nements et ressources utiles.","og_url":"https:\/\/evergreen-staging.codebusters.app\/fr\/archives-de-linfolettre\/","og_site_name":"Evergreen","article_modified_time":"2025-07-02T18:10:42+00:00","og_image":[{"width":1780,"height":1033,"url":"https:\/\/evergreen-staging.codebusters.app\/wp-content\/uploads\/2025\/03\/EBW_web_archivepage.jpg","type":"image\/jpeg"}],"twitter_card":"summary_large_image","twitter_title":"Archives de l'infolettre d'Evergreen","twitter_description":"Retrouvez toutes les \u00e9ditions pass\u00e9es de l'infolettre d'Evergreen, votre contenu en fran\u00e7ais: histoires, \u00e9v\u00e8nements et ressources utiles.","twitter_image":"https:\/\/evergreen-staging.codebusters.app\/wp-content\/uploads\/2025\/03\/EBW_web_archivepage.jpg","schema":{"@context":"https:\/\/schema.org","@graph":[{"@type":"WebPage","@id":"https:\/\/evergreen-staging.codebusters.app\/fr\/archives-de-linfolettre\/","url":"https:\/\/evergreen-staging.codebusters.app\/fr\/archives-de-linfolettre\/","name":"Archives de l'infolettre - Evergreen","isPartOf":{"@id":"https:\/\/evergreen-staging.codebusters.app\/fr\/#website"},"datePublished":"2025-03-17T16:48:33+00:00","dateModified":"2025-07-02T18:10:42+00:00","description":"Retrouvez toutes les \u00e9ditions pass\u00e9es de l'infolettre d'Evergreen, votre contenu en fran\u00e7ais: histoires, \u00e9v\u00e8nements et ressources utiles.","breadcrumb":{"@id":"https:\/\/evergreen-staging.codebusters.app\/fr\/archives-de-linfolettre\/#breadcrumb"},"inLanguage":"fr-FR","potentialAction":[{"@type":"ReadAction","target":["https:\/\/evergreen-staging.codebusters.app\/fr\/archives-de-linfolettre\/"]}]},{"@type":"BreadcrumbList","@id":"https:\/\/evergreen-staging.codebusters.app\/fr\/archives-de-linfolettre\/#breadcrumb","itemListElement":[{"@type":"ListItem","position":1,"name":"Home","item":"https:\/\/evergreen-staging.codebusters.app\/fr\/"},{"@type":"ListItem","position":2,"name":"Archives de l&#8217;infolettre"}]},{"@type":"WebSite","@id":"https:\/\/evergreen-staging.codebusters.app\/fr\/#website","url":"https:\/\/evergreen-staging.codebusters.app\/fr\/","name":"Evergreen","description":"","potentialAction":[{"@type":"SearchAction","target":{"@type":"EntryPoint","urlTemplate":"https:\/\/evergreen-staging.codebusters.app\/fr\/?s={search_term_string}"},"query-input":{"@type":"PropertyValueSpecification","valueRequired":true,"valueName":"search_term_string"}}],"inLanguage":"fr-FR"}]}},"_links":{"self":[{"href":"https:\/\/evergreen-staging.codebusters.app\/fr\/wp-json\/wp\/v2\/pages\/34802","targetHints":{"allow":["GET"]}}],"collection":[{"href":"https:\/\/evergreen-staging.codebusters.app\/fr\/wp-json\/wp\/v2\/pages"}],"about":[{"href":"https:\/\/evergreen-staging.codebusters.app\/fr\/wp-json\/wp\/v2\/types\/page"}],"author":[{"embeddable":true,"href":"https:\/\/evergreen-staging.codebusters.app\/fr\/wp-json\/wp\/v2\/users\/20"}],"replies":[{"embeddable":true,"href":"https:\/\/evergreen-staging.codebusters.app\/fr\/wp-json\/wp\/v2\/comments?post=34802"}],"version-history":[{"count":1,"href":"https:\/\/evergreen-staging.codebusters.app\/fr\/wp-json\/wp\/v2\/pages\/34802\/revisions"}],"predecessor-version":[{"id":34803,"href":"https:\/\/evergreen-staging.codebusters.app\/fr\/wp-json\/wp\/v2\/pages\/34802\/revisions\/34803"}],"wp:attachment":[{"href":"https:\/\/evergreen-staging.codebusters.app\/fr\/wp-json\/wp\/v2\/media?parent=34802"}],"curies":[{"name":"wp","href":"https:\/\/api.w.org\/{rel}","templated":true}]}}