{"id":4521,"date":"2023-10-04T15:00:43","date_gmt":"2023-10-04T20:00:43","guid":{"rendered":"https:\/\/evergreen-staging.codebusters.app\/?page_id=4521"},"modified":"2024-05-14T14:44:19","modified_gmt":"2024-05-14T19:44:19","slug":"benevolat","status":"publish","type":"page","link":"https:\/\/evergreen-staging.codebusters.app\/fr\/passez-a-laction\/benevolat\/","title":{"rendered":"B\u00e9n\u00e9volat"},"content":{"rendered":"","protected":false},"excerpt":{"rendered":"","protected":false},"author":3,"featured_media":0,"parent":4509,"menu_order":0,"comment_status":"closed","ping_status":"closed","template":"","meta":{"_acf_changed":false,"inline_featured_image":false,"footnotes":""},"class_list":["post-4521","page","type-page","status-publish","hentry"],"acf":[],"yoast_head":"<!-- This site is optimized with the Yoast SEO plugin v26.5 - https:\/\/yoast.com\/wordpress\/plugins\/seo\/ -->\n<title>B\u00e9n\u00e9volat - Evergreen<\/title>\n<meta name=\"description\" content=\"Nos b\u00e9n\u00e9voles sont au c\u0153ur de ce que nous faisons. Il y a plus de 30 ans, c\u2019est un groupe de b\u00e9n\u00e9voles passionn\u00e9s qui a lanc\u00e9 notre aventure, et \u00e0 ce jour, notre travail dans les communaut\u00e9s de tout le Canada ne serait pas possible sans eux.\" \/>\n<meta name=\"robots\" content=\"noindex, follow, max-snippet:-1, max-image-preview:large, max-video-preview:-1\" \/>\n<meta property=\"og:locale\" content=\"fr_FR\" \/>\n<meta property=\"og:type\" content=\"article\" \/>\n<meta property=\"og:title\" content=\"B\u00e9n\u00e9volat - Evergreen\" \/>\n<meta property=\"og:description\" content=\"Nos b\u00e9n\u00e9voles sont au c\u0153ur de ce que nous faisons. Il y a plus de 30 ans, c\u2019est un groupe de b\u00e9n\u00e9voles passionn\u00e9s qui a lanc\u00e9 notre aventure, et \u00e0 ce jour, notre travail dans les communaut\u00e9s de tout le Canada ne serait pas possible sans eux.\" \/>\n<meta property=\"og:url\" content=\"https:\/\/evergreen-staging.codebusters.app\/fr\/passez-a-laction\/benevolat\/\" \/>\n<meta property=\"og:site_name\" content=\"Evergreen\" \/>\n<meta property=\"article:modified_time\" content=\"2024-05-14T19:44:19+00:00\" \/>\n<meta name=\"twitter:card\" content=\"summary_large_image\" \/>\n<script type=\"application\/ld+json\" class=\"yoast-schema-graph\">{\"@context\":\"https:\/\/schema.org\",\"@graph\":[{\"@type\":\"WebPage\",\"@id\":\"https:\/\/evergreen-staging.codebusters.app\/fr\/passez-a-laction\/benevolat\/\",\"url\":\"https:\/\/evergreen-staging.codebusters.app\/fr\/passez-a-laction\/benevolat\/\",\"name\":\"B\u00e9n\u00e9volat - Evergreen\",\"isPartOf\":{\"@id\":\"https:\/\/evergreen-staging.codebusters.app\/fr\/#website\"},\"datePublished\":\"2023-10-04T20:00:43+00:00\",\"dateModified\":\"2024-05-14T19:44:19+00:00\",\"description\":\"Nos b\u00e9n\u00e9voles sont au c\u0153ur de ce que nous faisons. Il y a plus de 30 ans, c\u2019est un groupe de b\u00e9n\u00e9voles passionn\u00e9s qui a lanc\u00e9 notre aventure, et \u00e0 ce jour, notre travail dans les communaut\u00e9s de tout le Canada ne serait pas possible sans eux.\",\"breadcrumb\":{\"@id\":\"https:\/\/evergreen-staging.codebusters.app\/fr\/passez-a-laction\/benevolat\/#breadcrumb\"},\"inLanguage\":\"fr-FR\",\"potentialAction\":[{\"@type\":\"ReadAction\",\"target\":[\"https:\/\/evergreen-staging.codebusters.app\/fr\/passez-a-laction\/benevolat\/\"]}]},{\"@type\":\"BreadcrumbList\",\"@id\":\"https:\/\/evergreen-staging.codebusters.app\/fr\/passez-a-laction\/benevolat\/#breadcrumb\",\"itemListElement\":[{\"@type\":\"ListItem\",\"position\":1,\"name\":\"Home\",\"item\":\"https:\/\/evergreen-staging.codebusters.app\/fr\/\"},{\"@type\":\"ListItem\",\"position\":2,\"name\":\"Passez \u00e0 l\u2019action\",\"item\":\"https:\/\/evergreen-staging.codebusters.app\/fr\/passez-a-laction\/\"},{\"@type\":\"ListItem\",\"position\":3,\"name\":\"B\u00e9n\u00e9volat\"}]},{\"@type\":\"WebSite\",\"@id\":\"https:\/\/evergreen-staging.codebusters.app\/fr\/#website\",\"url\":\"https:\/\/evergreen-staging.codebusters.app\/fr\/\",\"name\":\"Evergreen\",\"description\":\"\",\"potentialAction\":[{\"@type\":\"SearchAction\",\"target\":{\"@type\":\"EntryPoint\",\"urlTemplate\":\"https:\/\/evergreen-staging.codebusters.app\/fr\/?s={search_term_string}\"},\"query-input\":{\"@type\":\"PropertyValueSpecification\",\"valueRequired\":true,\"valueName\":\"search_term_string\"}}],\"inLanguage\":\"fr-FR\"}]}<\/script>\n<!-- \/ Yoast SEO plugin. -->","yoast_head_json":{"title":"B\u00e9n\u00e9volat - Evergreen","description":"Nos b\u00e9n\u00e9voles sont au c\u0153ur de ce que nous faisons. Il y a plus de 30 ans, c\u2019est un groupe de b\u00e9n\u00e9voles passionn\u00e9s qui a lanc\u00e9 notre aventure, et \u00e0 ce jour, notre travail dans les communaut\u00e9s de tout le Canada ne serait pas possible sans eux.","robots":{"index":"noindex","follow":"follow","max-snippet":"max-snippet:-1","max-image-preview":"max-image-preview:large","max-video-preview":"max-video-preview:-1"},"og_locale":"fr_FR","og_type":"article","og_title":"B\u00e9n\u00e9volat - Evergreen","og_description":"Nos b\u00e9n\u00e9voles sont au c\u0153ur de ce que nous faisons. Il y a plus de 30 ans, c\u2019est un groupe de b\u00e9n\u00e9voles passionn\u00e9s qui a lanc\u00e9 notre aventure, et \u00e0 ce jour, notre travail dans les communaut\u00e9s de tout le Canada ne serait pas possible sans eux.","og_url":"https:\/\/evergreen-staging.codebusters.app\/fr\/passez-a-laction\/benevolat\/","og_site_name":"Evergreen","article_modified_time":"2024-05-14T19:44:19+00:00","twitter_card":"summary_large_image","schema":{"@context":"https:\/\/schema.org","@graph":[{"@type":"WebPage","@id":"https:\/\/evergreen-staging.codebusters.app\/fr\/passez-a-laction\/benevolat\/","url":"https:\/\/evergreen-staging.codebusters.app\/fr\/passez-a-laction\/benevolat\/","name":"B\u00e9n\u00e9volat - Evergreen","isPartOf":{"@id":"https:\/\/evergreen-staging.codebusters.app\/fr\/#website"},"datePublished":"2023-10-04T20:00:43+00:00","dateModified":"2024-05-14T19:44:19+00:00","description":"Nos b\u00e9n\u00e9voles sont au c\u0153ur de ce que nous faisons. Il y a plus de 30 ans, c\u2019est un groupe de b\u00e9n\u00e9voles passionn\u00e9s qui a lanc\u00e9 notre aventure, et \u00e0 ce jour, notre travail dans les communaut\u00e9s de tout le Canada ne serait pas possible sans eux.","breadcrumb":{"@id":"https:\/\/evergreen-staging.codebusters.app\/fr\/passez-a-laction\/benevolat\/#breadcrumb"},"inLanguage":"fr-FR","potentialAction":[{"@type":"ReadAction","target":["https:\/\/evergreen-staging.codebusters.app\/fr\/passez-a-laction\/benevolat\/"]}]},{"@type":"BreadcrumbList","@id":"https:\/\/evergreen-staging.codebusters.app\/fr\/passez-a-laction\/benevolat\/#breadcrumb","itemListElement":[{"@type":"ListItem","position":1,"name":"Home","item":"https:\/\/evergreen-staging.codebusters.app\/fr\/"},{"@type":"ListItem","position":2,"name":"Passez \u00e0 l\u2019action","item":"https:\/\/evergreen-staging.codebusters.app\/fr\/passez-a-laction\/"},{"@type":"ListItem","position":3,"name":"B\u00e9n\u00e9volat"}]},{"@type":"WebSite","@id":"https:\/\/evergreen-staging.codebusters.app\/fr\/#website","url":"https:\/\/evergreen-staging.codebusters.app\/fr\/","name":"Evergreen","description":"","potentialAction":[{"@type":"SearchAction","target":{"@type":"EntryPoint","urlTemplate":"https:\/\/evergreen-staging.codebusters.app\/fr\/?s={search_term_string}"},"query-input":{"@type":"PropertyValueSpecification","valueRequired":true,"valueName":"search_term_string"}}],"inLanguage":"fr-FR"}]}},"_links":{"self":[{"href":"https:\/\/evergreen-staging.codebusters.app\/fr\/wp-json\/wp\/v2\/pages\/4521","targetHints":{"allow":["GET"]}}],"collection":[{"href":"https:\/\/evergreen-staging.codebusters.app\/fr\/wp-json\/wp\/v2\/pages"}],"about":[{"href":"https:\/\/evergreen-staging.codebusters.app\/fr\/wp-json\/wp\/v2\/types\/page"}],"author":[{"embeddable":true,"href":"https:\/\/evergreen-staging.codebusters.app\/fr\/wp-json\/wp\/v2\/users\/3"}],"replies":[{"embeddable":true,"href":"https:\/\/evergreen-staging.codebusters.app\/fr\/wp-json\/wp\/v2\/comments?post=4521"}],"version-history":[{"count":18,"href":"https:\/\/evergreen-staging.codebusters.app\/fr\/wp-json\/wp\/v2\/pages\/4521\/revisions"}],"predecessor-version":[{"id":25647,"href":"https:\/\/evergreen-staging.codebusters.app\/fr\/wp-json\/wp\/v2\/pages\/4521\/revisions\/25647"}],"up":[{"embeddable":true,"href":"https:\/\/evergreen-staging.codebusters.app\/fr\/wp-json\/wp\/v2\/pages\/4509"}],"wp:attachment":[{"href":"https:\/\/evergreen-staging.codebusters.app\/fr\/wp-json\/wp\/v2\/media?parent=4521"}],"curies":[{"name":"wp","href":"https:\/\/api.w.org\/{rel}","templated":true}]}}